{"id":283,"date":"2023-02-24T07:46:58","date_gmt":"2023-02-24T07:46:58","guid":{"rendered":"http:\/\/www.zonamedianavarra.es\/gardetasun-s\/"},"modified":"2023-02-24T09:05:51","modified_gmt":"2023-02-24T09:05:51","slug":"gardetasun","status":"publish","type":"page","link":"http:\/\/www.zonamedianavarra.es\/eu\/gardetasun\/","title":{"rendered":"Gardetasun"},"content":{"rendered":"<div class='t-container t-container--no-margin justify-content-around'><a class=\"t-item t-item--button\" href=\"https:\/\/www.boe.es\/buscar\/pdf\/2018\/BOE-A-2018-7642-consolidado.pdf\" target=\"_blank\">5\/2018 Foru Legea, maiatzaren 17koa, Gardentasunari buruzkoa<\/a><a class=\"t-item t-item--button\" href=\"http:\/\/www.zonamedianavarra.es\/eu\/gardetasun\/\">Informazioa eskatzea<\/a><\/div><h3 class='text-center titulo-transparencia'>Gardentasun-adierazleak<\/h3><div class='t-container d-block'><div class='t-item'><a href='http:\/\/www.zonamedianavarra.es\/transparencia\/derecho-de-acceso-a-informacion-publica\/'><span class='icon-info-circle-solid transparencia'><\/span><h4>1.- Derecho de acceso a informaci\u00f3n p\u00fablica<\/h4><\/a><\/div><div class='t-item'><a href='http:\/\/www.zonamedianavarra.es\/transparencia\/informacion-institucional-organizativa-y-de-planificacion\/'><span class='icon-sitemap-solid transparencia'><\/span><h4>2.- Informaci\u00f3n institucional, organizativa y de planificaci\u00f3n<\/h4><\/a><\/div><div class='t-item'><a href='http:\/\/www.zonamedianavarra.es\/transparencia\/informacion-sobre-altos-cargos-y-personal-directivo\/'><span class='icon-users-solid transparencia'><\/span><h4>3.- Informaci\u00f3n sobre altos cargos y personal directivo<\/h4><\/a><\/div><div class='t-item'><a href='http:\/\/www.zonamedianavarra.es\/transparencia\/informacion-de-relevancia-juridica\/'><span class='icon-balance-scale-solid transparencia'><\/span><h4>4.- Informaci\u00f3n de relevancia jur\u00eddica<\/h4><\/a><\/div><div class='t-item'><a href='http:\/\/www.zonamedianavarra.es\/transparencia\/informacion-economica-presupuestaria-y-financiera\/'><span class='icon-euro-sign-solid transparencia'><\/span><h4>5.- Informaci\u00f3n econ\u00f3mica, presupuestaria y financiera<\/h4><\/a><\/div><div class='t-item'><a href='http:\/\/www.zonamedianavarra.es\/transparencia\/informacion-sobre-contratacion-publica-y-concesion-de-servicios\/'><span class='icon-file-signature-solid transparencia'><\/span><h4>6.- Informaci\u00f3n sobre contrataci\u00f3n p\u00fablica y concesi\u00f3n de servicios<\/h4><\/a><\/div><div class='t-item'><a href='http:\/\/www.zonamedianavarra.es\/transparencia\/informacion-sobre-convenios-de-colaboracion-contratos-programas-encomiendas-y-encargos-a-medios-propios\/'><span class='icon-handshake-solid transparencia'><\/span><h4>7.- Informaci\u00f3n sobre convenios de colaboraci\u00f3n, contratos-programas, encomiendas y encargos a medios propios<\/h4><\/a><\/div><div class='t-item'><a href='http:\/\/www.zonamedianavarra.es\/transparencia\/informacion-sobre-la-actividad-subvencional\/'><span class='icon-hand-holding-usd-solid transparencia'><\/span><h4>8.- Informaci\u00f3n sobre la actividad subvencional<\/h4><\/a><\/div><div class='t-item'><a href='http:\/\/www.zonamedianavarra.es\/transparencia\/informacion-patrimonial-y-estadistica\/'><span class='icon-chart-pie-solid transparencia'><\/span><h4>9.- Informaci\u00f3n patrimonial y estad\u00edstica<\/h4><\/a><\/div><div class='t-item'><a href='http:\/\/www.zonamedianavarra.es\/transparencia\/otros-contenidos-objeto-de-publicidad\/'><span class='icon-bullhorn-solid transparencia'><\/span><h4>10.- Otros contenidos objeto de publicidad<\/h4><\/a><\/div><\/div>\n","protected":false},"excerpt":{"rendered":"","protected":false},"author":1,"featured_media":0,"parent":0,"menu_order":0,"comment_status":"closed","ping_status":"closed","template":"","meta":[],"yoast_head":"<!-- This site is optimized with the Yoast SEO plugin v20.8 - https:\/\/yoast.com\/wordpress\/plugins\/seo\/ -->\r\n<title>Gardetasun - NAFARROAKO ERDIALDEKO KIROL ETA ZERBITZU SOZIOKULTURALEN MANKOMUNITATEA<\/title>\r\n<meta name=\"robots\" content=\"index, follow, max-snippet:-1, max-image-preview:large, max-video-preview:-1\" \/>\r\n<link rel=\"canonical\" href=\"http:\/\/www.zonamedianavarra.es\/eu\/gardetasun\/\" \/>\r\n<meta property=\"og:locale\" content=\"eu_ES\" \/>\r\n<meta property=\"og:type\" content=\"article\" \/>\r\n<meta property=\"og:title\" content=\"Gardetasun - NAFARROAKO ERDIALDEKO KIROL ETA ZERBITZU SOZIOKULTURALEN MANKOMUNITATEA\" \/>\r\n<meta property=\"og:url\" content=\"http:\/\/www.zonamedianavarra.es\/eu\/gardetasun\/\" \/>\r\n<meta property=\"og:site_name\" content=\"NAFARROAKO ERDIALDEKO KIROL ETA ZERBITZU SOZIOKULTURALEN MANKOMUNITATEA\" \/>\r\n<meta property=\"article:modified_time\" content=\"2023-02-24T09:05:51+00:00\" \/>\r\n<meta name=\"twitter:card\" content=\"summary_large_image\" \/>\r\n<meta name=\"twitter:label1\" content=\"Est. reading time\" \/>\n\t<meta name=\"twitter:data1\" content=\"1 minute\" \/>\r\n<script type=\"application\/ld+json\" class=\"yoast-schema-graph\">{\"@context\":\"https:\/\/schema.org\",\"@graph\":[{\"@type\":\"WebPage\",\"@id\":\"http:\/\/www.zonamedianavarra.es\/eu\/gardetasun\/\",\"url\":\"http:\/\/www.zonamedianavarra.es\/eu\/gardetasun\/\",\"name\":\"Gardetasun - NAFARROAKO ERDIALDEKO KIROL ETA ZERBITZU SOZIOKULTURALEN MANKOMUNITATEA\",\"isPartOf\":{\"@id\":\"http:\/\/www.zonamedianavarra.es\/eu\/#website\"},\"datePublished\":\"2023-02-24T07:46:58+00:00\",\"dateModified\":\"2023-02-24T09:05:51+00:00\",\"breadcrumb\":{\"@id\":\"http:\/\/www.zonamedianavarra.es\/eu\/gardetasun\/#breadcrumb\"},\"inLanguage\":\"eu-ES\",\"potentialAction\":[{\"@type\":\"ReadAction\",\"target\":[\"http:\/\/www.zonamedianavarra.es\/eu\/gardetasun\/\"]}]},{\"@type\":\"BreadcrumbList\",\"@id\":\"http:\/\/www.zonamedianavarra.es\/eu\/gardetasun\/#breadcrumb\",\"itemListElement\":[{\"@type\":\"ListItem\",\"position\":1,\"name\":\"Portada\",\"item\":\"http:\/\/www.zonamedianavarra.es\/eu\/\"},{\"@type\":\"ListItem\",\"position\":2,\"name\":\"Gardetasun\"}]},{\"@type\":\"WebSite\",\"@id\":\"http:\/\/www.zonamedianavarra.es\/eu\/#website\",\"url\":\"http:\/\/www.zonamedianavarra.es\/eu\/\",\"name\":\"NAFARROAKO ERDIALDEKO KIROL ETA ZERBITZU SOZIOKULTURALEN MANKOMUNITATEA\",\"description\":\"NAFARROAKO ERDIALDEKO KIROL ETA ZERBITZU SOZIOKULTURALEN MANKOMUNITATEA\",\"potentialAction\":[{\"@type\":\"SearchAction\",\"target\":{\"@type\":\"EntryPoint\",\"urlTemplate\":\"http:\/\/www.zonamedianavarra.es\/eu\/?s={search_term_string}\"},\"query-input\":\"required name=search_term_string\"}],\"inLanguage\":\"eu-ES\"}]}<\/script>\r\n<!-- \/ Yoast SEO plugin. -->","yoast_head_json":{"title":"Gardetasun - NAFARROAKO ERDIALDEKO KIROL ETA ZERBITZU SOZIOKULTURALEN MANKOMUNITATEA","robots":{"index":"index","follow":"follow","max-snippet":"max-snippet:-1","max-image-preview":"max-image-preview:large","max-video-preview":"max-video-preview:-1"},"canonical":"http:\/\/www.zonamedianavarra.es\/eu\/gardetasun\/","og_locale":"eu_ES","og_type":"article","og_title":"Gardetasun - NAFARROAKO ERDIALDEKO KIROL ETA ZERBITZU SOZIOKULTURALEN MANKOMUNITATEA","og_url":"http:\/\/www.zonamedianavarra.es\/eu\/gardetasun\/","og_site_name":"NAFARROAKO ERDIALDEKO KIROL ETA ZERBITZU SOZIOKULTURALEN MANKOMUNITATEA","article_modified_time":"2023-02-24T09:05:51+00:00","twitter_card":"summary_large_image","twitter_misc":{"Est. reading time":"1 minute"},"schema":{"@context":"https:\/\/schema.org","@graph":[{"@type":"WebPage","@id":"http:\/\/www.zonamedianavarra.es\/eu\/gardetasun\/","url":"http:\/\/www.zonamedianavarra.es\/eu\/gardetasun\/","name":"Gardetasun - NAFARROAKO ERDIALDEKO KIROL ETA ZERBITZU SOZIOKULTURALEN MANKOMUNITATEA","isPartOf":{"@id":"http:\/\/www.zonamedianavarra.es\/eu\/#website"},"datePublished":"2023-02-24T07:46:58+00:00","dateModified":"2023-02-24T09:05:51+00:00","breadcrumb":{"@id":"http:\/\/www.zonamedianavarra.es\/eu\/gardetasun\/#breadcrumb"},"inLanguage":"eu-ES","potentialAction":[{"@type":"ReadAction","target":["http:\/\/www.zonamedianavarra.es\/eu\/gardetasun\/"]}]},{"@type":"BreadcrumbList","@id":"http:\/\/www.zonamedianavarra.es\/eu\/gardetasun\/#breadcrumb","itemListElement":[{"@type":"ListItem","position":1,"name":"Portada","item":"http:\/\/www.zonamedianavarra.es\/eu\/"},{"@type":"ListItem","position":2,"name":"Gardetasun"}]},{"@type":"WebSite","@id":"http:\/\/www.zonamedianavarra.es\/eu\/#website","url":"http:\/\/www.zonamedianavarra.es\/eu\/","name":"NAFARROAKO ERDIALDEKO KIROL ETA ZERBITZU SOZIOKULTURALEN MANKOMUNITATEA","description":"NAFARROAKO ERDIALDEKO KIROL ETA ZERBITZU SOZIOKULTURALEN MANKOMUNITATEA","potentialAction":[{"@type":"SearchAction","target":{"@type":"EntryPoint","urlTemplate":"http:\/\/www.zonamedianavarra.es\/eu\/?s={search_term_string}"},"query-input":"required name=search_term_string"}],"inLanguage":"eu-ES"}]}},"_links":{"self":[{"href":"http:\/\/www.zonamedianavarra.es\/eu\/wp-json\/wp\/v2\/pages\/283"}],"collection":[{"href":"http:\/\/www.zonamedianavarra.es\/eu\/wp-json\/wp\/v2\/pages"}],"about":[{"href":"http:\/\/www.zonamedianavarra.es\/eu\/wp-json\/wp\/v2\/types\/page"}],"author":[{"embeddable":true,"href":"http:\/\/www.zonamedianavarra.es\/eu\/wp-json\/wp\/v2\/users\/1"}],"replies":[{"embeddable":true,"href":"http:\/\/www.zonamedianavarra.es\/eu\/wp-json\/wp\/v2\/comments?post=283"}],"version-history":[{"count":1,"href":"http:\/\/www.zonamedianavarra.es\/eu\/wp-json\/wp\/v2\/pages\/283\/revisions"}],"predecessor-version":[{"id":310,"href":"http:\/\/www.zonamedianavarra.es\/eu\/wp-json\/wp\/v2\/pages\/283\/revisions\/310"}],"wp:attachment":[{"href":"http:\/\/www.zonamedianavarra.es\/eu\/wp-json\/wp\/v2\/media?parent=283"}],"curies":[{"name":"wp","href":"https:\/\/api.w.org\/{rel}","templated":true}]}}