{"id":64,"date":"2023-02-14T06:37:59","date_gmt":"2023-02-14T06:37:59","guid":{"rendered":"http:\/\/www.zonamedianavarra.es\/?page_id=64"},"modified":"2023-02-22T11:46:07","modified_gmt":"2023-02-22T11:46:07","slug":"helburu","status":"publish","type":"page","link":"http:\/\/www.zonamedianavarra.es\/eu\/helburu\/","title":{"rendered":"Helburu"},"content":{"rendered":"<p>Promoci\u00f3n de h\u00e1bitos saludables y mejora de\u00a0la calidad de vida de los vecinos y vecinas de la Zona Media de Navarra a trav\u00e9s del ejercicio f\u00edsico.<\/p>\n<p>Los Ayuntamientos de Artajona, Bar\u00e1soain, Beire, Berbinzana, Gar\u00ednoain, Caparroso, Carcastillo (y sus Concejos ), Larraga, M\u00e9lida, Miranda de Arga, Murillo el Cuende (y sus Concejos ), Murillo el Fruto, Pitillas, Pueyo, Santacara y Tafalla, se constituyen en Mancomunidad voluntaria, de conformidad con lo establecido en los art\u00edculos 47 y subsiguientes de la Ley Foral 6\/90, de Administraci\u00f3n Local de Navarra, para la prestaci\u00f3n en forma asociada de los servicios deportivos que se expresan en el cap\u00edtulo II de sus Estatutos publicados en el Bolet\u00edn Oficial de Navarra n\u00ba 12 \u2013 fecha 26\/01\/2001.<\/p>\n<h5>OBJETIVOS ESPEC\u00cdFICOS:<\/h5>\n<ul>\n<li>Promoci\u00f3n de la pr\u00e1ctica deportiva\u00a0de car\u00e1cter educativo, formativo, saludable y preventivo.<\/li>\n<li>Llevar el hecho deportivo a todas las localidades integrantes de la Mancomunidad independientemente del n\u00famero de habitantes ( la mayor\u00eda de ellas no supera los mil habitantes ) y a todos los sectores de poblaci\u00f3n, especialmente a los escolares, mujeres, discapacitados y tercera edad.<\/li>\n<li>Mejorar la calidad de vida de toda la poblaci\u00f3n de la Mancomunidad a trav\u00e9s de la pr\u00e1ctica deportiva.<\/li>\n<\/ul>\n<hr \/>\n<p>Ohitura osasungarrien sustapena eta Nafarroako Erdialdeko biztanleen bizi kalitatea hobetzea ariketa fisikoaren bitartez da Mankomunitatearen helburua.<\/p>\n<p>Ondoko Udal hauek Artaxoa, Barasoain, Beire, Berbintzana, Garinoain, Caparroso, Carcastillo (eta bere kontzejuak), Larraga, Melida, Miranda Arga, Murillo el Cuende (eta bere kontzejuak), Murillo el Fruto, Erriberri, Pitillas, Puiu, Santacara eta Tafalla borondatezko Mankomunitatea sortzen dute Nafarroako Toki Administrazioari dagokion 6\/90 Foru Legearen 47. artikuluan eta hurrengoetan finkatzen den arabera. Mankomunitatearen helburua kirol zerbitzuak era elkartuan eskaintzea da, bere Estatutuetako II. Atalean adierazten den bezala eta 2001eko urtarrilaren 26ko Nafarroako Aldizkari Ofizialak (12. zbk) jasotzen duen bezala.<\/p>\n<h5>HELBURU ESPEZIFIKOAK:<\/h5>\n<ul>\n<li>Izaera hezitzaile, trebatzaile, osasungarri eta prebentziozkoa duen kirol praktikaren sustapena.<\/li>\n<li>Mankomunitatea osatzen duten herri guztietara kirol ekintza eraman, biztanle kopurua aintzat hartu gabe (herri gehienak ez baitira 1000 biztanletara iristen) eta populazio sektore guztietara, bereziki ikasle, emakume, minusbaliatu eta 3. adinekoei helarazi.<\/li>\n<li>Mankomunitateko populazioaren bizi kalitatea hobetu kirolaren bidez<\/li>\n<\/ul>\n","protected":false},"excerpt":{"rendered":"<p>Promoci\u00f3n de h\u00e1bitos saludables y mejora de\u00a0la calidad de vida de los vecinos y vecinas de la Zona Media de Navarra a trav\u00e9s del ejercicio f\u00edsico. Los Ayuntamientos de Artajona, Bar\u00e1soain, Beire, Berbinzana, Gar\u00ednoain, Caparroso, Carcastillo (y sus Concejos ), Larraga, M\u00e9lida, Miranda de Arga, Murillo el Cuende (y sus Concejos ), Murillo el Fruto, [&hellip;]<\/p>\n","protected":false},"author":1,"featured_media":0,"parent":0,"menu_order":0,"comment_status":"closed","ping_status":"closed","template":"","meta":[],"yoast_head":"<!-- This site is optimized with the Yoast SEO plugin v20.8 - https:\/\/yoast.com\/wordpress\/plugins\/seo\/ -->\r\n<title>Helburu - NAFARROAKO ERDIALDEKO KIROL ETA ZERBITZU SOZIOKULTURALEN MANKOMUNITATEA<\/title>\r\n<meta name=\"robots\" content=\"index, follow, max-snippet:-1, max-image-preview:large, max-video-preview:-1\" \/>\r\n<link rel=\"canonical\" href=\"http:\/\/www.zonamedianavarra.es\/eu\/helburu\/\" \/>\r\n<meta property=\"og:locale\" content=\"eu_ES\" \/>\r\n<meta property=\"og:type\" content=\"article\" \/>\r\n<meta property=\"og:title\" content=\"Helburu - NAFARROAKO ERDIALDEKO KIROL ETA ZERBITZU SOZIOKULTURALEN MANKOMUNITATEA\" \/>\r\n<meta property=\"og:description\" content=\"Promoci\u00f3n de h\u00e1bitos saludables y mejora de\u00a0la calidad de vida de los vecinos y vecinas de la Zona Media de Navarra a trav\u00e9s del ejercicio f\u00edsico. Los Ayuntamientos de Artajona, Bar\u00e1soain, Beire, Berbinzana, Gar\u00ednoain, Caparroso, Carcastillo (y sus Concejos ), Larraga, M\u00e9lida, Miranda de Arga, Murillo el Cuende (y sus Concejos ), Murillo el Fruto, [&hellip;]\" \/>\r\n<meta property=\"og:url\" content=\"http:\/\/www.zonamedianavarra.es\/eu\/helburu\/\" \/>\r\n<meta property=\"og:site_name\" content=\"NAFARROAKO ERDIALDEKO KIROL ETA ZERBITZU SOZIOKULTURALEN MANKOMUNITATEA\" \/>\r\n<meta property=\"article:modified_time\" content=\"2023-02-22T11:46:07+00:00\" \/>\r\n<meta name=\"twitter:card\" content=\"summary_large_image\" \/>\r\n<meta name=\"twitter:label1\" content=\"Est. reading time\" \/>\n\t<meta name=\"twitter:data1\" content=\"2 minutes\" \/>\r\n<script type=\"application\/ld+json\" class=\"yoast-schema-graph\">{\"@context\":\"https:\/\/schema.org\",\"@graph\":[{\"@type\":\"WebPage\",\"@id\":\"http:\/\/www.zonamedianavarra.es\/eu\/helburu\/\",\"url\":\"http:\/\/www.zonamedianavarra.es\/eu\/helburu\/\",\"name\":\"Helburu - NAFARROAKO ERDIALDEKO KIROL ETA ZERBITZU SOZIOKULTURALEN MANKOMUNITATEA\",\"isPartOf\":{\"@id\":\"http:\/\/www.zonamedianavarra.es\/eu\/#website\"},\"datePublished\":\"2023-02-14T06:37:59+00:00\",\"dateModified\":\"2023-02-22T11:46:07+00:00\",\"breadcrumb\":{\"@id\":\"http:\/\/www.zonamedianavarra.es\/eu\/helburu\/#breadcrumb\"},\"inLanguage\":\"eu-ES\",\"potentialAction\":[{\"@type\":\"ReadAction\",\"target\":[\"http:\/\/www.zonamedianavarra.es\/eu\/helburu\/\"]}]},{\"@type\":\"BreadcrumbList\",\"@id\":\"http:\/\/www.zonamedianavarra.es\/eu\/helburu\/#breadcrumb\",\"itemListElement\":[{\"@type\":\"ListItem\",\"position\":1,\"name\":\"Portada\",\"item\":\"http:\/\/www.zonamedianavarra.es\/eu\/\"},{\"@type\":\"ListItem\",\"position\":2,\"name\":\"Helburu\"}]},{\"@type\":\"WebSite\",\"@id\":\"http:\/\/www.zonamedianavarra.es\/eu\/#website\",\"url\":\"http:\/\/www.zonamedianavarra.es\/eu\/\",\"name\":\"NAFARROAKO ERDIALDEKO KIROL ETA ZERBITZU SOZIOKULTURALEN MANKOMUNITATEA\",\"description\":\"NAFARROAKO ERDIALDEKO KIROL ETA ZERBITZU SOZIOKULTURALEN MANKOMUNITATEA\",\"potentialAction\":[{\"@type\":\"SearchAction\",\"target\":{\"@type\":\"EntryPoint\",\"urlTemplate\":\"http:\/\/www.zonamedianavarra.es\/eu\/?s={search_term_string}\"},\"query-input\":\"required name=search_term_string\"}],\"inLanguage\":\"eu-ES\"}]}<\/script>\r\n<!-- \/ Yoast SEO plugin. -->","yoast_head_json":{"title":"Helburu - NAFARROAKO ERDIALDEKO KIROL ETA ZERBITZU SOZIOKULTURALEN MANKOMUNITATEA","robots":{"index":"index","follow":"follow","max-snippet":"max-snippet:-1","max-image-preview":"max-image-preview:large","max-video-preview":"max-video-preview:-1"},"canonical":"http:\/\/www.zonamedianavarra.es\/eu\/helburu\/","og_locale":"eu_ES","og_type":"article","og_title":"Helburu - NAFARROAKO ERDIALDEKO KIROL ETA ZERBITZU SOZIOKULTURALEN MANKOMUNITATEA","og_description":"Promoci\u00f3n de h\u00e1bitos saludables y mejora de\u00a0la calidad de vida de los vecinos y vecinas de la Zona Media de Navarra a trav\u00e9s del ejercicio f\u00edsico. Los Ayuntamientos de Artajona, Bar\u00e1soain, Beire, Berbinzana, Gar\u00ednoain, Caparroso, Carcastillo (y sus Concejos ), Larraga, M\u00e9lida, Miranda de Arga, Murillo el Cuende (y sus Concejos ), Murillo el Fruto, [&hellip;]","og_url":"http:\/\/www.zonamedianavarra.es\/eu\/helburu\/","og_site_name":"NAFARROAKO ERDIALDEKO KIROL ETA ZERBITZU SOZIOKULTURALEN MANKOMUNITATEA","article_modified_time":"2023-02-22T11:46:07+00:00","twitter_card":"summary_large_image","twitter_misc":{"Est. reading time":"2 minutes"},"schema":{"@context":"https:\/\/schema.org","@graph":[{"@type":"WebPage","@id":"http:\/\/www.zonamedianavarra.es\/eu\/helburu\/","url":"http:\/\/www.zonamedianavarra.es\/eu\/helburu\/","name":"Helburu - NAFARROAKO ERDIALDEKO KIROL ETA ZERBITZU SOZIOKULTURALEN MANKOMUNITATEA","isPartOf":{"@id":"http:\/\/www.zonamedianavarra.es\/eu\/#website"},"datePublished":"2023-02-14T06:37:59+00:00","dateModified":"2023-02-22T11:46:07+00:00","breadcrumb":{"@id":"http:\/\/www.zonamedianavarra.es\/eu\/helburu\/#breadcrumb"},"inLanguage":"eu-ES","potentialAction":[{"@type":"ReadAction","target":["http:\/\/www.zonamedianavarra.es\/eu\/helburu\/"]}]},{"@type":"BreadcrumbList","@id":"http:\/\/www.zonamedianavarra.es\/eu\/helburu\/#breadcrumb","itemListElement":[{"@type":"ListItem","position":1,"name":"Portada","item":"http:\/\/www.zonamedianavarra.es\/eu\/"},{"@type":"ListItem","position":2,"name":"Helburu"}]},{"@type":"WebSite","@id":"http:\/\/www.zonamedianavarra.es\/eu\/#website","url":"http:\/\/www.zonamedianavarra.es\/eu\/","name":"NAFARROAKO ERDIALDEKO KIROL ETA ZERBITZU SOZIOKULTURALEN MANKOMUNITATEA","description":"NAFARROAKO ERDIALDEKO KIROL ETA ZERBITZU SOZIOKULTURALEN MANKOMUNITATEA","potentialAction":[{"@type":"SearchAction","target":{"@type":"EntryPoint","urlTemplate":"http:\/\/www.zonamedianavarra.es\/eu\/?s={search_term_string}"},"query-input":"required name=search_term_string"}],"inLanguage":"eu-ES"}]}},"_links":{"self":[{"href":"http:\/\/www.zonamedianavarra.es\/eu\/wp-json\/wp\/v2\/pages\/64"}],"collection":[{"href":"http:\/\/www.zonamedianavarra.es\/eu\/wp-json\/wp\/v2\/pages"}],"about":[{"href":"http:\/\/www.zonamedianavarra.es\/eu\/wp-json\/wp\/v2\/types\/page"}],"author":[{"embeddable":true,"href":"http:\/\/www.zonamedianavarra.es\/eu\/wp-json\/wp\/v2\/users\/1"}],"replies":[{"embeddable":true,"href":"http:\/\/www.zonamedianavarra.es\/eu\/wp-json\/wp\/v2\/comments?post=64"}],"version-history":[{"count":3,"href":"http:\/\/www.zonamedianavarra.es\/eu\/wp-json\/wp\/v2\/pages\/64\/revisions"}],"predecessor-version":[{"id":129,"href":"http:\/\/www.zonamedianavarra.es\/eu\/wp-json\/wp\/v2\/pages\/64\/revisions\/129"}],"wp:attachment":[{"href":"http:\/\/www.zonamedianavarra.es\/eu\/wp-json\/wp\/v2\/media?parent=64"}],"curies":[{"name":"wp","href":"https:\/\/api.w.org\/{rel}","templated":true}]}}