{"id":66,"date":"2023-02-13T13:16:54","date_gmt":"2023-02-13T13:16:54","guid":{"rendered":"http:\/\/www.zonamedianavarra.es\/?page_id=66"},"modified":"2023-02-22T11:07:54","modified_gmt":"2023-02-22T11:07:54","slug":"kirol-programak","status":"publish","type":"page","link":"http:\/\/www.zonamedianavarra.es\/eu\/kirol-programak\/","title":{"rendered":"Kirol Programak"},"content":{"rendered":"<p><strong>Kirol Eskola:<\/strong><\/p>\n<p>\u2013 Kirol hastapenerako eskola ibiltariak.<\/p>\n<p>\u2013 Eskola-kirola<\/p>\n<p>\u2013 Kirol jaiak: txirrindula, baloia, ohiko jokuak.<\/p>\n<p>\u2013 Cross kanpaina<\/p>\n<p>\u2013 Atletismo kanpaina<\/p>\n<p>\u2013 Igeriketa kanpaina<\/p>\n<p>\u2013 Ariketa kanpaina \/ elikadura osasungarria ikastetxeetan.<\/p>\n<p>\u2013 Kirol eskolak: Euskal pilota, Irristaketa, Atletismoa, Txirrindularitza.Munduko jokuak. Bertakotzea kirolaren bidez.<\/p>\n<p>\u2013 Hiri udalekuak.<\/p>\n<p><strong>Emakumeentzako Programak \/ kirol osasungarria.<\/strong><\/p>\n<p>\u2013 Aerobic, Mantenu Mantenu-Gimnasia, Pilates, Aerobic, Aquagym<\/p>\n<p><strong>Kirol egokitua Programa adimen urritasuna dutenentzat. \u00a0<\/strong><\/p>\n<p>\u2013 Igeriketa egokitua.<\/p>\n<p>&nbsp;<\/p>\n<p>&nbsp;<\/p>\n<table class=\"table\" border=\"1\" width=\"100%\">\n<tbody>\n<tr>\n<td><strong><em>OBJETIVO GENERAL<\/em><\/strong><\/td>\n<td colspan=\"4\">Fomentar el <strong>Deporte para Todos <\/strong>en nuestra Mancomunidad, por el que se reconoce el <strong>derecho de toda la poblaci\u00f3n a la<\/strong> <strong>pr\u00e1ctica deportiva,<\/strong> a jugar a disfrutar\u00a0 de las actividades f\u00edsicas, sin exclusiones por edad, sexo, condici\u00f3n f\u00edsica, cultural, \u00e9tnica\u00a0 y dirigidas a todos los estratos socialesPrestar el servicio de<strong> asesoramiento deportivo <\/strong>a ayuntamientos, clubes y\u00a0 asociaciones que as\u00ed lo demande<\/td>\n<\/tr>\n<tr>\n<td style=\"text-align: center; height: 96px;\" rowspan=\"2\"><strong><em>OBJETIVOS<\/em><\/strong><br \/>\n<strong><em>ESPEC\u00cdFICOS<\/em><\/strong><\/td>\n<td style=\"text-align: center;\"><strong>Deporte Mujer <\/strong><br \/>\n<strong>Tercera Edad<\/strong><\/td>\n<td style=\"text-align: center; height: 96px;\"><strong>Programa de Integraci\u00f3n<\/strong><\/td>\n<td style=\"text-align: center; height: 96px;\"><strong>Deporte Escolar<\/strong><\/td>\n<td style=\"text-align: center; height: 96px;\"><strong>Deporte Juvenil<\/strong><\/td>\n<\/tr>\n<tr style=\"height: 568px;\">\n<td style=\"height: 568px;\">\n<p>Promoci\u00f3n de la pr\u00e1ctica deportiva de las mujeres del medio rural.<\/p>\n<p>&nbsp;<\/p>\n<p>Adquisici\u00f3n de h\u00e1bitos saludables y mejora de\u00a0 la calidad de vida de las vecinas de la Mancomunidad, activando el cuerpo y la mente.<\/p>\n<p>Mejora de la estructura y funciones org\u00e1nicas adem\u00e1s de la prevenci\u00f3n de alguna\u00a0\u00a0 enfermedad.<\/p>\n<p>Favorecer una vivencia l\u00fadica y autoestima personal.<\/td>\n<td>\n<p>Ocupaci\u00f3n del tiempo de ocio de manera saludable a trav\u00e9s de la actividad f\u00edsica adaptada a la discapacidad intelectual.<\/p>\n<p>Ofrecerles un tiempo de ocio activo, agradable e integrador.<\/p>\n<p>Favorecer la integraci\u00f3n en los Programas a alumnos con familias desestructuradas y sin recursos econ\u00f3micos.<\/p>\n<p>Posibilitar el Conocimiento y pr\u00e1ctica de juegos de otras culturas que en la actualidad viven en nuestra Comarca.<\/td>\n<td style=\"height: 568px;\">\n<p>Llegar a todos los escolares de la Mancomunidad a trav\u00e9s de un Programa deportivo de calidad que estimule la adquisici\u00f3n de h\u00e1bitos deportivos , la vida saludable, la integraci\u00f3n e interrelaci\u00f3n, el respeto, la cooperaci\u00f3n, el esfuerzo, el ocio activo, la formaci\u00f3n integral y educaci\u00f3n, la prevenci\u00f3n de la obesidad.<\/p>\n<p>Promocionar el Multideporte y evitar las especializaciones tempranas.<\/p>\n<p>Atender al juego y disfrute m\u00e1s que a la competici\u00f3n.<\/p>\n<p>Conocimiento de nuestra Comarca y entablar lazos de amistad a trav\u00e9s del deporte<\/p>\n<p>A partir de los 10 a\u00f1os facilitar la continuidad en un determinado deporte y potenciar la integraci\u00f3n en clubes deportivos.<\/td>\n<td style=\"height: 568px;\">\n<p>Adquisici\u00f3n de h\u00e1bitos saludables y mejorar la calidad de vida de nuestros j\u00f3venes<\/p>\n<p>Promoci\u00f3n de un ocio activo a trav\u00e9s de la pr\u00e1ctica deportiva.<\/p>\n<p>Fomentar deportes relacionados con la naturaleza.<\/p>\n<p>Prevenci\u00f3n del sedentarismo y de conductas nocivas.<\/p>\n<p>Crear v\u00ednculos de uni\u00f3n y amistad con los vecinos de nuestra Comarca.<\/p>\n<p>Conocimiento y aprovechamiento de nuestros recursos naturales, culturales e instalaciones.<\/td>\n<\/tr>\n<tr style=\"height: 48px;\">\n<td style=\"height: 48px;\"><strong><em>Palabra Clave<\/em><\/strong><\/td>\n<td style=\"text-align: center; height: 48px;\"><strong>Salud<\/strong><\/td>\n<td style=\"text-align: center; height: 48px;\"><strong>Adaptaci\u00f3n<\/strong><\/td>\n<td style=\"text-align: center; height: 48px;\"><strong>El deporte concebido como un medio, no como un fin en s\u00ed mismo.<\/strong><\/td>\n<td style=\"text-align: center; height: 48px;\"><strong>Ocio activo, prevenci\u00f3n, salud<\/strong><\/td>\n<\/tr>\n<tr style=\"height: 296px;\">\n<td style=\"height: 296px;\"><strong><em>PROGRAMAS<\/em><\/strong><\/td>\n<td style=\"height: 296px;\">Gimnasia , Aer\u00f3bic, Pilates<\/td>\n<td style=\"height: 296px;\">\n<p>Juegos del Mundo.<\/p>\n<p>Integrado en Deporte Escolar<\/p>\n<p>Programas iniciados por la Mancomunidad y que han seguido a trav\u00e9s de ANFAS:<\/p>\n<p>Nataci\u00f3n Adaptada<\/p>\n<p>Equinoterapia<\/p>\n<p>Multideporte Adaptado<\/p>\n<p><em>Convenio con los SSBB Tafalla y Valdorba<\/em><\/p>\n<p><em>Voluntariado<\/em><\/td>\n<td style=\"height: 296px;\">\n<p>Programa Multideporte Escolar:<\/p>\n<p>Actividad extraescolar<\/p>\n<p>Clases itinerantes de Iniciaci\u00f3n deportiva:<\/p>\n<p>Los s\u00e1bados\u2026 deporte !!<\/p>\n<p>Escuela Comarcal de Atletismo \u00a0: Tafalla, Caparroso,<\/p>\n<p>Fiestas Deportivas; Bici, Patinaje<\/p>\n<p>Campa\u00f1as Deportivas: Atletismo, Cross<\/p>\n<p>Campamentos en Semana Santa y en Verano : conciliaci\u00f3n familiar<\/td>\n<td style=\"height: 296px;\">\n<p>Torneos populares: pala, frontenis, p\u00e1del<\/p>\n<p>Tafalla por la Salud. Jornadas Intercentros<\/p>\n<p>Deporte\u00a0en la naturaleza:<\/p>\n<p>Orientaci\u00f3n, marcha n\u00f3rdica, pirag\u00fcismo, equitaci\u00f3n<\/td>\n<\/tr>\n<\/tbody>\n<\/table>\n<p>&nbsp;<\/p>\n","protected":false},"excerpt":{"rendered":"<p>Kirol Eskola: \u2013 Kirol hastapenerako eskola ibiltariak. \u2013 Eskola-kirola \u2013 Kirol jaiak: txirrindula, baloia, ohiko jokuak. \u2013 Cross kanpaina \u2013 Atletismo kanpaina \u2013 Igeriketa kanpaina \u2013 Ariketa kanpaina \/ elikadura osasungarria ikastetxeetan. \u2013 Kirol eskolak: Euskal pilota, Irristaketa, Atletismoa, Txirrindularitza.Munduko jokuak. Bertakotzea kirolaren bidez. \u2013 Hiri udalekuak. Emakumeentzako Programak \/ kirol osasungarria. \u2013 Aerobic, Mantenu [&hellip;]<\/p>\n","protected":false},"author":1,"featured_media":0,"parent":0,"menu_order":0,"comment_status":"closed","ping_status":"closed","template":"","meta":[],"yoast_head":"<!-- This site is optimized with the Yoast SEO plugin v20.8 - https:\/\/yoast.com\/wordpress\/plugins\/seo\/ -->\r\n<title>Kirol Programak - NAFARROAKO ERDIALDEKO KIROL ETA ZERBITZU SOZIOKULTURALEN MANKOMUNITATEA<\/title>\r\n<meta name=\"robots\" content=\"index, follow, max-snippet:-1, max-image-preview:large, max-video-preview:-1\" \/>\r\n<link rel=\"canonical\" href=\"http:\/\/www.zonamedianavarra.es\/eu\/kirol-programak\/\" \/>\r\n<meta property=\"og:locale\" content=\"eu_ES\" \/>\r\n<meta property=\"og:type\" content=\"article\" \/>\r\n<meta property=\"og:title\" content=\"Kirol Programak - NAFARROAKO ERDIALDEKO KIROL ETA ZERBITZU SOZIOKULTURALEN MANKOMUNITATEA\" \/>\r\n<meta property=\"og:description\" content=\"Kirol Eskola: \u2013 Kirol hastapenerako eskola ibiltariak. \u2013 Eskola-kirola \u2013 Kirol jaiak: txirrindula, baloia, ohiko jokuak. \u2013 Cross kanpaina \u2013 Atletismo kanpaina \u2013 Igeriketa kanpaina \u2013 Ariketa kanpaina \/ elikadura osasungarria ikastetxeetan. \u2013 Kirol eskolak: Euskal pilota, Irristaketa, Atletismoa, Txirrindularitza.Munduko jokuak. Bertakotzea kirolaren bidez. \u2013 Hiri udalekuak. Emakumeentzako Programak \/ kirol osasungarria. \u2013 Aerobic, Mantenu [&hellip;]\" \/>\r\n<meta property=\"og:url\" content=\"http:\/\/www.zonamedianavarra.es\/eu\/kirol-programak\/\" \/>\r\n<meta property=\"og:site_name\" content=\"NAFARROAKO ERDIALDEKO KIROL ETA ZERBITZU SOZIOKULTURALEN MANKOMUNITATEA\" \/>\r\n<meta property=\"article:modified_time\" content=\"2023-02-22T11:07:54+00:00\" \/>\r\n<meta name=\"twitter:card\" content=\"summary_large_image\" \/>\r\n<meta name=\"twitter:label1\" content=\"Est. reading time\" \/>\n\t<meta name=\"twitter:data1\" content=\"1 minute\" \/>\r\n<script type=\"application\/ld+json\" class=\"yoast-schema-graph\">{\"@context\":\"https:\/\/schema.org\",\"@graph\":[{\"@type\":\"WebPage\",\"@id\":\"http:\/\/www.zonamedianavarra.es\/eu\/kirol-programak\/\",\"url\":\"http:\/\/www.zonamedianavarra.es\/eu\/kirol-programak\/\",\"name\":\"Kirol Programak - NAFARROAKO ERDIALDEKO KIROL ETA ZERBITZU SOZIOKULTURALEN MANKOMUNITATEA\",\"isPartOf\":{\"@id\":\"http:\/\/www.zonamedianavarra.es\/eu\/#website\"},\"datePublished\":\"2023-02-13T13:16:54+00:00\",\"dateModified\":\"2023-02-22T11:07:54+00:00\",\"breadcrumb\":{\"@id\":\"http:\/\/www.zonamedianavarra.es\/eu\/kirol-programak\/#breadcrumb\"},\"inLanguage\":\"eu-ES\",\"potentialAction\":[{\"@type\":\"ReadAction\",\"target\":[\"http:\/\/www.zonamedianavarra.es\/eu\/kirol-programak\/\"]}]},{\"@type\":\"BreadcrumbList\",\"@id\":\"http:\/\/www.zonamedianavarra.es\/eu\/kirol-programak\/#breadcrumb\",\"itemListElement\":[{\"@type\":\"ListItem\",\"position\":1,\"name\":\"Portada\",\"item\":\"http:\/\/www.zonamedianavarra.es\/eu\/\"},{\"@type\":\"ListItem\",\"position\":2,\"name\":\"Kirol Programak\"}]},{\"@type\":\"WebSite\",\"@id\":\"http:\/\/www.zonamedianavarra.es\/eu\/#website\",\"url\":\"http:\/\/www.zonamedianavarra.es\/eu\/\",\"name\":\"NAFARROAKO ERDIALDEKO KIROL ETA ZERBITZU SOZIOKULTURALEN MANKOMUNITATEA\",\"description\":\"NAFARROAKO ERDIALDEKO KIROL ETA ZERBITZU SOZIOKULTURALEN MANKOMUNITATEA\",\"potentialAction\":[{\"@type\":\"SearchAction\",\"target\":{\"@type\":\"EntryPoint\",\"urlTemplate\":\"http:\/\/www.zonamedianavarra.es\/eu\/?s={search_term_string}\"},\"query-input\":\"required name=search_term_string\"}],\"inLanguage\":\"eu-ES\"}]}<\/script>\r\n<!-- \/ Yoast SEO plugin. -->","yoast_head_json":{"title":"Kirol Programak - NAFARROAKO ERDIALDEKO KIROL ETA ZERBITZU SOZIOKULTURALEN MANKOMUNITATEA","robots":{"index":"index","follow":"follow","max-snippet":"max-snippet:-1","max-image-preview":"max-image-preview:large","max-video-preview":"max-video-preview:-1"},"canonical":"http:\/\/www.zonamedianavarra.es\/eu\/kirol-programak\/","og_locale":"eu_ES","og_type":"article","og_title":"Kirol Programak - NAFARROAKO ERDIALDEKO KIROL ETA ZERBITZU SOZIOKULTURALEN MANKOMUNITATEA","og_description":"Kirol Eskola: \u2013 Kirol hastapenerako eskola ibiltariak. \u2013 Eskola-kirola \u2013 Kirol jaiak: txirrindula, baloia, ohiko jokuak. \u2013 Cross kanpaina \u2013 Atletismo kanpaina \u2013 Igeriketa kanpaina \u2013 Ariketa kanpaina \/ elikadura osasungarria ikastetxeetan. \u2013 Kirol eskolak: Euskal pilota, Irristaketa, Atletismoa, Txirrindularitza.Munduko jokuak. Bertakotzea kirolaren bidez. \u2013 Hiri udalekuak. Emakumeentzako Programak \/ kirol osasungarria. \u2013 Aerobic, Mantenu [&hellip;]","og_url":"http:\/\/www.zonamedianavarra.es\/eu\/kirol-programak\/","og_site_name":"NAFARROAKO ERDIALDEKO KIROL ETA ZERBITZU SOZIOKULTURALEN MANKOMUNITATEA","article_modified_time":"2023-02-22T11:07:54+00:00","twitter_card":"summary_large_image","twitter_misc":{"Est. reading time":"1 minute"},"schema":{"@context":"https:\/\/schema.org","@graph":[{"@type":"WebPage","@id":"http:\/\/www.zonamedianavarra.es\/eu\/kirol-programak\/","url":"http:\/\/www.zonamedianavarra.es\/eu\/kirol-programak\/","name":"Kirol Programak - NAFARROAKO ERDIALDEKO KIROL ETA ZERBITZU SOZIOKULTURALEN MANKOMUNITATEA","isPartOf":{"@id":"http:\/\/www.zonamedianavarra.es\/eu\/#website"},"datePublished":"2023-02-13T13:16:54+00:00","dateModified":"2023-02-22T11:07:54+00:00","breadcrumb":{"@id":"http:\/\/www.zonamedianavarra.es\/eu\/kirol-programak\/#breadcrumb"},"inLanguage":"eu-ES","potentialAction":[{"@type":"ReadAction","target":["http:\/\/www.zonamedianavarra.es\/eu\/kirol-programak\/"]}]},{"@type":"BreadcrumbList","@id":"http:\/\/www.zonamedianavarra.es\/eu\/kirol-programak\/#breadcrumb","itemListElement":[{"@type":"ListItem","position":1,"name":"Portada","item":"http:\/\/www.zonamedianavarra.es\/eu\/"},{"@type":"ListItem","position":2,"name":"Kirol Programak"}]},{"@type":"WebSite","@id":"http:\/\/www.zonamedianavarra.es\/eu\/#website","url":"http:\/\/www.zonamedianavarra.es\/eu\/","name":"NAFARROAKO ERDIALDEKO KIROL ETA ZERBITZU SOZIOKULTURALEN MANKOMUNITATEA","description":"NAFARROAKO ERDIALDEKO KIROL ETA ZERBITZU SOZIOKULTURALEN MANKOMUNITATEA","potentialAction":[{"@type":"SearchAction","target":{"@type":"EntryPoint","urlTemplate":"http:\/\/www.zonamedianavarra.es\/eu\/?s={search_term_string}"},"query-input":"required name=search_term_string"}],"inLanguage":"eu-ES"}]}},"_links":{"self":[{"href":"http:\/\/www.zonamedianavarra.es\/eu\/wp-json\/wp\/v2\/pages\/66"}],"collection":[{"href":"http:\/\/www.zonamedianavarra.es\/eu\/wp-json\/wp\/v2\/pages"}],"about":[{"href":"http:\/\/www.zonamedianavarra.es\/eu\/wp-json\/wp\/v2\/types\/page"}],"author":[{"embeddable":true,"href":"http:\/\/www.zonamedianavarra.es\/eu\/wp-json\/wp\/v2\/users\/1"}],"replies":[{"embeddable":true,"href":"http:\/\/www.zonamedianavarra.es\/eu\/wp-json\/wp\/v2\/comments?post=66"}],"version-history":[{"count":2,"href":"http:\/\/www.zonamedianavarra.es\/eu\/wp-json\/wp\/v2\/pages\/66\/revisions"}],"predecessor-version":[{"id":115,"href":"http:\/\/www.zonamedianavarra.es\/eu\/wp-json\/wp\/v2\/pages\/66\/revisions\/115"}],"wp:attachment":[{"href":"http:\/\/www.zonamedianavarra.es\/eu\/wp-json\/wp\/v2\/media?parent=66"}],"curies":[{"name":"wp","href":"https:\/\/api.w.org\/{rel}","templated":true}]}}